{"id":7576,"date":"2024-10-14T13:21:46","date_gmt":"2024-10-14T11:21:46","guid":{"rendered":"https:\/\/www.puteaux-echecs.fr\/?page_id=7576"},"modified":"2025-10-10T13:14:08","modified_gmt":"2025-10-10T11:14:08","slug":"championnat-des-jeunes-des-hauts-de-seine","status":"publish","type":"page","link":"https:\/\/www.puteaux-echecs.fr\/?page_id=7576","title":{"rendered":"Championnat des Jeunes des Hauts de Seine 2025"},"content":{"rendered":"\n<p>Ce tournoi fait office de qualification pour le championnat de France des jeunes.<\/p>\n\n\n\n<p><strong>Inscriptions au Championnat du 92 &#8211;&nbsp; Benjamins, Minimes et Cadets &amp; Juniors<\/strong><\/p>\n\n\n\n<p>Le Club d\u2019\u00c9checs de Puteaux et le Comit\u00e9 des Hauts de Seine organisent l<strong>e dimanche 9 novembre<\/strong>, le Championnat d\u00e9partemental (premi\u00e8re phase qualificative pour le championnat de France des jeunes) <strong>des Benjamins, Minimes et le championnat des, Cadets &amp; Juniors<\/strong>&nbsp;;<\/p>\n\n\n\n<p><strong>Licence A obligatoire pour toutes les cat\u00e9gories<\/strong><\/p>\n\n\n\n<figure class=\"wp-block-image size-large\"><a href=\"https:\/\/www.puteaux-echecs.fr\/wp-content\/uploads\/2022\/04\/Salle-scaled.jpg\"><img loading=\"lazy\" decoding=\"async\" width=\"1024\" height=\"771\" src=\"https:\/\/www.puteaux-echecs.fr\/wp-content\/uploads\/2022\/04\/Salle-1024x771.jpg\" alt=\"\" class=\"wp-image-7043\" srcset=\"https:\/\/www.puteaux-echecs.fr\/wp-content\/uploads\/2022\/04\/Salle-1024x771.jpg 1024w, https:\/\/www.puteaux-echecs.fr\/wp-content\/uploads\/2022\/04\/Salle-300x226.jpg 300w, https:\/\/www.puteaux-echecs.fr\/wp-content\/uploads\/2022\/04\/Salle-768x578.jpg 768w, https:\/\/www.puteaux-echecs.fr\/wp-content\/uploads\/2022\/04\/Salle-1536x1157.jpg 1536w, https:\/\/www.puteaux-echecs.fr\/wp-content\/uploads\/2022\/04\/Salle-2048x1542.jpg 2048w\" sizes=\"auto, (max-width: 1024px) 100vw, 1024px\" \/><\/a><\/figure>\n\n\n\n<p>Lieu : Palais des Sports. \u00eele de Puteaux. 2 all\u00e9e Georges Hassoux 92800 PUTEAUX. (<a href=\"https:\/\/www.puteaux-echecs.fr\/?page_id=3072\" target=\"_blank\" rel=\"noreferrer noopener\">acc\u00e8s<\/a>)<\/p>\n\n\n\n<p>Accueil des participants \u00e0 partir de 8 h 30&nbsp; ,<strong> <u>pointage obligatoire avant 9&nbsp;h&nbsp;00.<\/u><\/strong><\/p>\n\n\n\n<p>Les joueurs n\u2019ayant pas point\u00e9 ne seront pas appari\u00e9s pour la 1\u00e8re ronde.<\/p>\n\n\n\n<p><u>Horaires des rondes&nbsp;: <\/u><\/p>\n\n\n\n<p>Ronde 1 \u00e0 9 h 10&nbsp;&nbsp;&nbsp;&nbsp;&nbsp;&nbsp;&nbsp;&nbsp;&nbsp;&nbsp;&nbsp;&nbsp;&nbsp;&nbsp;&nbsp;&nbsp;&nbsp;&nbsp; Ronde 2 \u00e0 10 h 30&nbsp;&nbsp;&nbsp;&nbsp;&nbsp;&nbsp;&nbsp;&nbsp;&nbsp;&nbsp;&nbsp;&nbsp;&nbsp;&nbsp;&nbsp;&nbsp;&nbsp;&nbsp;&nbsp;&nbsp; Ronde 3 \u00e0 11 h 50<\/p>\n\n\n\n<p>Ronde 4 \u00e0 13 h 30&nbsp;&nbsp;&nbsp;&nbsp;&nbsp;&nbsp;&nbsp;&nbsp;&nbsp;&nbsp;&nbsp;&nbsp;&nbsp;&nbsp;&nbsp;&nbsp; Ronde 5 \u00e0 14 h 50 &nbsp;&nbsp;&nbsp;&nbsp;&nbsp;&nbsp;&nbsp;&nbsp;&nbsp;&nbsp;&nbsp;&nbsp;&nbsp;&nbsp;&nbsp;&nbsp;&nbsp;&nbsp;&nbsp;&nbsp; Ronde 6 \u00e0 16 h 10<\/p>\n\n\n\n<p>Ronde 7 \u00e0 17 h 30 &nbsp;<strong>&nbsp;&nbsp;&nbsp;&nbsp;&nbsp;&nbsp;&nbsp;&nbsp;&nbsp;&nbsp;&nbsp;&nbsp;&nbsp;&nbsp;<\/strong><\/p>\n\n\n\n<p>Remise des Prix vers 19 h 00.<\/p>\n\n\n\n<p>7 rondes \u00e0 la cadence de 25 minutes + 10 sec.\/coup<\/p>\n\n\n\n<p>Les inscriptions se font en ligne uniquement.<strong> Pas d\u2019inscription sur place, pas de prise de licence sur place.<\/strong><\/p>\n\n\n\n<p>Ces championnat organis\u00e9s \u00e0 Puteaux concernent :<\/p>\n\n\n\n<p>U14 les Benjamins (n\u00e9.es en 2012 ou 2013)<\/p>\n\n\n\n<p>U16&nbsp;les Minimes (n\u00e9.es en 2010 ou 2011)<\/p>\n\n\n\n<p>U18 Cadets (n\u00e9.es en 2008 ou 2009) et U20 Juniors (n\u00e9.es en 2006 ou 2007)<\/p>\n\n\n\n<p><\/p>\n\n\n\n<p><\/p>\n\n\n\n<p><br \/><br \/><strong>Inscription&nbsp;: 10 \u20ac jusqu\u2019au 31 octobre&nbsp;; 12 \u20ac \u00e0 partir du 1<sup>er<\/sup> novembre.<\/strong><\/p>\n\n\n\n<p><strong>Inscriptions closes le 7 novembre<\/strong> \u00e0 minuit<\/p>\n\n\n\n<p>Int\u00e9gration Billetweb (site s\u00e9curis\u00e9)<\/p>\n\n\n\n<p><strong>Tournois benjamins U14, minimes U16, cadets &amp; juniors (U18 &amp; U20)<\/strong><\/p>\n\n\n\n<pre class=\"wp-block-code\"><code>\n<a title=\"Vente de billets en ligne\" href=\"https:\/\/www.billetweb.fr\/shop.php?event=championnat-du-92-benjamins-minimes-cadets-juniors-u14-u16-u18-u20\" class=\"shop_frame\" target=\"_blank\" data-src=\"https:\/\/www.billetweb.fr\/shop.php?event=championnat-du-92-benjamins-minimes-cadets-juniors-u14-u16-u18-u20\" data-max-width=\"100%\" data-initial-height=\"600\" data-scrolling=\"no\" data-id=\"championnat-du-92-benjamins-minimes-cadets-juniors-u14-u16-u18-u20\" data-resize=\"1\">Vente de billets en ligne<\/a><script type=\"text\/javascript\" src=\"https:\/\/www.billetweb.fr\/js\/export.js\"><\/script>\n<\/code><\/pre>\n\n\n\n<p><\/p>\n","protected":false},"excerpt":{"rendered":"<p>Ce tournoi fait office de qualification pour le championnat de France des jeunes. Inscriptions au Championnat du 92 &#8211;&nbsp; Benjamins, Minimes et Cadets &amp; Juniors Le Club d\u2019\u00c9checs de Puteaux et le Comit\u00e9 des Hauts de Seine organisent le dimanche 9 novembre, le Championnat d\u00e9partemental (premi\u00e8re phase qualificative pour le championnat de France des jeunes) &#8230; <a title=\"Championnat des Jeunes des Hauts de Seine 2025\" class=\"read-more\" href=\"https:\/\/www.puteaux-echecs.fr\/?page_id=7576\" aria-label=\"En savoir plus sur Championnat des Jeunes des Hauts de Seine 2025\">Lire la suite<\/a><\/p>\n","protected":false},"author":1231,"featured_media":0,"parent":0,"menu_order":0,"comment_status":"closed","ping_status":"closed","template":"","meta":{"footnotes":""},"class_list":["post-7576","page","type-page","status-publish"],"jetpack_sharing_enabled":true,"_links":{"self":[{"href":"https:\/\/www.puteaux-echecs.fr\/index.php?rest_route=\/wp\/v2\/pages\/7576","targetHints":{"allow":["GET"]}}],"collection":[{"href":"https:\/\/www.puteaux-echecs.fr\/index.php?rest_route=\/wp\/v2\/pages"}],"about":[{"href":"https:\/\/www.puteaux-echecs.fr\/index.php?rest_route=\/wp\/v2\/types\/page"}],"author":[{"embeddable":true,"href":"https:\/\/www.puteaux-echecs.fr\/index.php?rest_route=\/wp\/v2\/users\/1231"}],"replies":[{"embeddable":true,"href":"https:\/\/www.puteaux-echecs.fr\/index.php?rest_route=%2Fwp%2Fv2%2Fcomments&post=7576"}],"version-history":[{"count":19,"href":"https:\/\/www.puteaux-echecs.fr\/index.php?rest_route=\/wp\/v2\/pages\/7576\/revisions"}],"predecessor-version":[{"id":7746,"href":"https:\/\/www.puteaux-echecs.fr\/index.php?rest_route=\/wp\/v2\/pages\/7576\/revisions\/7746"}],"wp:attachment":[{"href":"https:\/\/www.puteaux-echecs.fr\/index.php?rest_route=%2Fwp%2Fv2%2Fmedia&parent=7576"}],"curies":[{"name":"wp","href":"https:\/\/api.w.org\/{rel}","templated":true}]}}